{"id":17,"date":"2026-04-27T08:58:39","date_gmt":"2026-04-27T08:58:39","guid":{"rendered":"https:\/\/gestiondeportivareguera.com\/?page_id=17"},"modified":"2026-04-27T11:29:55","modified_gmt":"2026-04-27T11:29:55","slug":"servicios","status":"publish","type":"page","link":"https:\/\/gestiondeportivareguera.com\/?page_id=17","title":{"rendered":"Servicios"},"content":{"rendered":"\t\t<div data-elementor-type=\"wp-page\" data-elementor-id=\"17\" class=\"elementor elementor-17\" data-elementor-post-type=\"page\">\n\t\t\t\t<div class=\"elementor-element elementor-element-70abc34 e-flex e-con-boxed e-con e-parent\" data-id=\"70abc34\" data-element_type=\"container\" data-e-type=\"container\" data-settings=\"{&quot;background_background&quot;:&quot;classic&quot;}\">\n\t\t\t\t\t<div class=\"e-con-inner\">\n\t\t<div class=\"elementor-element elementor-element-e8ebd0f e-flex e-con-boxed e-con e-child\" data-id=\"e8ebd0f\" data-element_type=\"container\" data-e-type=\"container\" data-settings=\"{&quot;animation&quot;:&quot;none&quot;}\">\n\t\t\t\t\t<div class=\"e-con-inner\">\n\t\t\t\t<div class=\"elementor-element elementor-element-e010034 animated-slow elementor-invisible elementor-widget elementor-widget-heading\" data-id=\"e010034\" data-element_type=\"widget\" data-e-type=\"widget\" data-settings=\"{&quot;_animation&quot;:&quot;fadeInLeft&quot;,&quot;_animation_delay&quot;:600}\" data-widget_type=\"heading.default\">\n\t\t\t\t\t<h1 class=\"elementor-heading-title elementor-size-default\">Nuestros Servicios<\/h1>\t\t\t\t<\/div>\n\t\t\t\t<div class=\"elementor-element elementor-element-5b1d1fb animated-slow elementor-invisible elementor-widget elementor-widget-text-editor\" data-id=\"5b1d1fb\" data-element_type=\"widget\" data-e-type=\"widget\" data-settings=\"{&quot;_animation&quot;:&quot;fadeInLeft&quot;,&quot;_animation_delay&quot;:600}\" data-widget_type=\"text-editor.default\">\n\t\t\t\t\t\t\t\t\t<div class=\"flex flex-col text-sm pb-25\"><section class=\"text-token-text-primary w-full focus:outline-none [--shadow-height:45px] has-data-writing-block:pointer-events-none has-data-writing-block:-mt-(--shadow-height) has-data-writing-block:pt-(--shadow-height) [&amp;:has([data-writing-block])&gt;*]:pointer-events-auto scroll-mt-[calc(var(--header-height)+min(200px,max(70px,20svh)))]\" dir=\"auto\" data-turn-id=\"request-69ca91ad-67c8-8331-97e4-9258539e652b-0\" data-testid=\"conversation-turn-8\" data-scroll-anchor=\"true\" data-turn=\"assistant\"><div class=\"text-base my-auto mx-auto pb-10 [--thread-content-margin:var(--thread-content-margin-xs,calc(var(--spacing)*4))] @w-sm\/main:[--thread-content-margin:var(--thread-content-margin-sm,calc(var(--spacing)*6))] @w-lg\/main:[--thread-content-margin:var(--thread-content-margin-lg,calc(var(--spacing)*16))] px-(--thread-content-margin)\"><div class=\"[--thread-content-max-width:40rem] @w-lg\/main:[--thread-content-max-width:48rem] mx-auto max-w-(--thread-content-max-width) flex-1 group\/turn-messages focus-visible:outline-hidden relative flex w-full min-w-0 flex-col agent-turn\"><div class=\"flex max-w-full flex-col gap-4 grow\"><div class=\"min-h-8 text-message relative flex w-full flex-col items-end gap-2 text-start break-words whitespace-normal outline-none keyboard-focused:focus-ring [.text-message+&amp;]:mt-1\" dir=\"auto\" tabindex=\"0\" data-message-author-role=\"assistant\" data-message-id=\"46e0905f-d42d-4e68-ac92-9e1e3c24d186\" data-message-model-slug=\"gpt-5-3\" data-turn-start-message=\"true\"><div class=\"flex w-full flex-col gap-1 empty:hidden\"><div class=\"markdown prose dark:prose-invert w-full wrap-break-word light markdown-new-styling\"><p data-start=\"176\" data-end=\"440\">En <strong data-start=\"179\" data-end=\"205\">Gesti\u00f3n Deportiva Reguera<\/strong>\u00a0ofrecemos soluciones de gesti\u00f3n deportiva dise\u00f1adas para optimizar el funcionamiento de clubs e instalaciones, cuidando cada detalle para que la experiencia de usuarios, socios y equipos sea eficiente, profesional y de m\u00e1xima calidad.<\/p><p data-start=\"442\" data-end=\"663\">Nuestro compromiso es brindarte un servicio cercano, especializado y personalizado, utilizando herramientas actuales y metodolog\u00edas eficaces para mejorar la rentabilidad, la organizaci\u00f3n y la satisfacci\u00f3n de tus clientes.<\/p><p data-start=\"665\" data-end=\"804\">Trabajamos adapt\u00e1ndonos a cada proyecto, analizando tus necesidades y asesor\u00e1ndote para implementar las mejores soluciones en cada momento.<\/p><p data-start=\"806\" data-end=\"846\">Nuestros principales servicios incluyen:<\/p><p data-start=\"848\" data-end=\"1052\"><strong data-start=\"848\" data-end=\"896\">Gesti\u00f3n integral de instalaciones deportivas<\/strong><br data-start=\"896\" data-end=\"899\" \/>Organizaci\u00f3n completa de centros deportivos, control de accesos, coordinaci\u00f3n de actividades y optimizaci\u00f3n de recursos para un funcionamiento eficiente.<\/p><p data-start=\"1054\" data-end=\"1235\"><strong data-start=\"1054\" data-end=\"1092\">Administraci\u00f3n de clubs deportivos<\/strong><br data-start=\"1092\" data-end=\"1095\" \/>Gesti\u00f3n de socios, cuotas, inscripciones y comunicaci\u00f3n interna, facilitando el d\u00eda a d\u00eda del club y mejorando la relaci\u00f3n con los usuarios.<\/p><p data-start=\"1237\" data-end=\"1413\"><strong data-start=\"1237\" data-end=\"1268\">Digitalizaci\u00f3n y tecnolog\u00eda<\/strong><br data-start=\"1268\" data-end=\"1271\" \/>Implementaci\u00f3n de software de gesti\u00f3n, reservas online, apps para usuarios y herramientas digitales que modernizan la experiencia del cliente.<\/p><p data-start=\"1415\" data-end=\"1569\"><strong data-start=\"1415\" data-end=\"1458\">Planificaci\u00f3n de actividades deportivas<\/strong><br data-start=\"1458\" data-end=\"1461\" \/>Dise\u00f1o y organizaci\u00f3n de programas, clases y eventos deportivos adaptados a diferentes perfiles de usuarios.<\/p><p data-start=\"1571\" data-end=\"1733\"><strong data-start=\"1571\" data-end=\"1608\">Optimizaci\u00f3n de recursos y costes<\/strong><br data-start=\"1608\" data-end=\"1611\" \/>An\u00e1lisis y mejora de procesos para aumentar la rentabilidad y reducir costes operativos sin perder calidad en el servicio.<\/p><p data-start=\"1735\" data-end=\"1881\"><strong data-start=\"1735\" data-end=\"1770\">Marketing y captaci\u00f3n de socios<\/strong><br data-start=\"1770\" data-end=\"1773\" \/>Estrategias para atraer nuevos usuarios, fidelizar clientes y mejorar la visibilidad del club o instalaci\u00f3n.<\/p><p data-start=\"1883\" data-end=\"2061\"><strong data-start=\"1883\" data-end=\"1914\">Asesoramiento personalizado<\/strong><br data-start=\"1914\" data-end=\"1917\" \/>Estudio individualizado de cada proyecto para ofrecer soluciones a medida seg\u00fan el tipo de instalaci\u00f3n, p\u00fablico objetivo y objetivos de negocio.<\/p><p data-start=\"2063\" data-end=\"2219\"><strong data-start=\"2063\" data-end=\"2094\">Gesti\u00f3n flexible y adaptada<\/strong><br data-start=\"2094\" data-end=\"2097\" \/>Nos adaptamos a tus necesidades, ya sea para una gesti\u00f3n puntual, asesoramiento espec\u00edfico o servicio integral continuado.<\/p><p data-start=\"2221\" data-end=\"2373\"><strong data-start=\"2221\" data-end=\"2255\">Atenci\u00f3n cercana y profesional<\/strong><br data-start=\"2255\" data-end=\"2258\" \/>Acompa\u00f1amiento constante, resolviendo dudas y asegurando que cada proyecto evolucione de forma eficaz y sostenible.<\/p><\/div><\/div><\/div><\/div><\/div><\/div><\/section><\/div>\t\t\t\t\t\t\t\t<\/div>\n\t\t\t\t<div class=\"elementor-element elementor-element-4e7a689 elementor-widget__width-initial elementor-invisible elementor-widget elementor-widget-spacer\" data-id=\"4e7a689\" data-element_type=\"widget\" data-e-type=\"widget\" data-settings=\"{&quot;_animation&quot;:&quot;fadeInUp&quot;}\" data-widget_type=\"spacer.default\">\n\t\t\t\t\t\t\t<div class=\"elementor-spacer\">\n\t\t\t<div class=\"elementor-spacer-inner\"><\/div>\n\t\t<\/div>\n\t\t\t\t\t\t<\/div>\n\t\t\t\t\t<\/div>\n\t\t\t\t<\/div>\n\t\t\t\t\t<\/div>\n\t\t\t\t<\/div>\n\t\t\t\t<\/div>\n\t\t","protected":false},"excerpt":{"rendered":"<p>Nuestros Servicios En Gesti\u00f3n Deportiva Reguera\u00a0ofrecemos soluciones de gesti\u00f3n deportiva dise\u00f1adas para optimizar el funcionamiento de clubs e instalaciones, cuidando cada detalle para que la experiencia de usuarios, socios y equipos sea eficiente, profesional y de m\u00e1xima calidad. Nuestro compromiso es brindarte un servicio cercano, especializado y personalizado, utilizando herramientas actuales y metodolog\u00edas eficaces para [&hellip;]<\/p>\n","protected":false},"author":1,"featured_media":0,"parent":0,"menu_order":0,"comment_status":"closed","ping_status":"closed","template":"","meta":{"footnotes":""},"class_list":["post-17","page","type-page","status-publish","hentry"],"_links":{"self":[{"href":"https:\/\/gestiondeportivareguera.com\/index.php?rest_route=\/wp\/v2\/pages\/17","targetHints":{"allow":["GET"]}}],"collection":[{"href":"https:\/\/gestiondeportivareguera.com\/index.php?rest_route=\/wp\/v2\/pages"}],"about":[{"href":"https:\/\/gestiondeportivareguera.com\/index.php?rest_route=\/wp\/v2\/types\/page"}],"author":[{"embeddable":true,"href":"https:\/\/gestiondeportivareguera.com\/index.php?rest_route=\/wp\/v2\/users\/1"}],"replies":[{"embeddable":true,"href":"https:\/\/gestiondeportivareguera.com\/index.php?rest_route=%2Fwp%2Fv2%2Fcomments&post=17"}],"version-history":[{"count":19,"href":"https:\/\/gestiondeportivareguera.com\/index.php?rest_route=\/wp\/v2\/pages\/17\/revisions"}],"predecessor-version":[{"id":124,"href":"https:\/\/gestiondeportivareguera.com\/index.php?rest_route=\/wp\/v2\/pages\/17\/revisions\/124"}],"wp:attachment":[{"href":"https:\/\/gestiondeportivareguera.com\/index.php?rest_route=%2Fwp%2Fv2%2Fmedia&parent=17"}],"curies":[{"name":"wp","href":"https:\/\/api.w.org\/{rel}","templated":true}]}}