{"id":3,"date":"2026-04-27T08:45:51","date_gmt":"2026-04-27T08:45:51","guid":{"rendered":"https:\/\/gestiondeportivareguera.com\/?page_id=3"},"modified":"2026-04-27T09:54:55","modified_gmt":"2026-04-27T09:54:55","slug":"privacy-policy","status":"publish","type":"page","link":"https:\/\/gestiondeportivareguera.com\/?page_id=3","title":{"rendered":"Pol\u00edtica de Privacidad"},"content":{"rendered":"\t\t<div data-elementor-type=\"wp-page\" data-elementor-id=\"3\" class=\"elementor elementor-3\" data-elementor-post-type=\"page\">\n\t\t\t\t<div class=\"elementor-element elementor-element-ab3a9b2 e-flex e-con-boxed e-con e-parent\" data-id=\"ab3a9b2\" data-element_type=\"container\" data-e-type=\"container\" data-settings=\"{&quot;background_background&quot;:&quot;classic&quot;}\">\n\t\t\t\t\t<div class=\"e-con-inner\">\n\t\t<div class=\"elementor-element elementor-element-9ef87f4 e-con-full e-flex e-con e-child\" data-id=\"9ef87f4\" data-element_type=\"container\" data-e-type=\"container\" data-settings=\"{&quot;background_background&quot;:&quot;classic&quot;}\">\n\t\t\t\t<div class=\"elementor-element elementor-element-10e4244 elementor-widget elementor-widget-heading\" data-id=\"10e4244\" data-element_type=\"widget\" data-e-type=\"widget\" data-widget_type=\"heading.default\">\n\t\t\t\t\t<h1 class=\"elementor-heading-title elementor-size-default\">Pol\u00edtica de privacidad<\/h1>\t\t\t\t<\/div>\n\t\t\t\t<div class=\"elementor-element elementor-element-45aa609 elementor-widget-mobile__width-initial elementor-widget elementor-widget-text-editor\" data-id=\"45aa609\" data-element_type=\"widget\" data-e-type=\"widget\" data-widget_type=\"text-editor.default\">\n\t\t\t\t\t\t\t\t\t<div class=\"elementor-element elementor-element-0672953 elementor-widget elementor-widget-heading\" data-id=\"0672953\" data-element_type=\"widget\" data-widget_type=\"heading.default\"><div class=\"elementor-widget-container\"><article class=\"text-token-text-primary w-full focus:outline-none [--shadow-height:45px] has-data-writing-block:pointer-events-none has-data-writing-block:-mt-(--shadow-height) has-data-writing-block:pt-(--shadow-height) [&amp;:has([data-writing-block])&gt;*]:pointer-events-auto scroll-mt-(--header-height)\" dir=\"auto\" tabindex=\"-1\" data-turn-id=\"af2a2046-3163-462e-86a6-5a6fbf44493c\" data-testid=\"conversation-turn-79\" data-scroll-anchor=\"false\" data-turn=\"user\"><div class=\"text-base my-auto mx-auto pt-12 [--thread-content-margin:--spacing(4)] @w-sm\/main:[--thread-content-margin:--spacing(6)] @w-lg\/main:[--thread-content-margin:--spacing(16)] px-(--thread-content-margin)\"><div class=\"[--thread-content-max-width:40rem] @w-lg\/main:[--thread-content-max-width:48rem] mx-auto max-w-(--thread-content-max-width) flex-1 group\/turn-messages focus-visible:outline-hidden relative flex w-full min-w-0 flex-col\" tabindex=\"-1\"><div class=\"flex max-w-full flex-col grow\"><div class=\"min-h-8 text-message relative flex w-full flex-col items-end gap-2 text-start break-words whitespace-normal [.text-message+&amp;]:mt-1\" dir=\"auto\" data-message-author-role=\"user\" data-message-id=\"af2a2046-3163-462e-86a6-5a6fbf44493c\"><div class=\"flex w-full flex-col gap-1 empty:hidden items-end rtl:items-start\"><div class=\"user-message-bubble-color corner-superellipse\/1.1 relative rounded-[18px] px-4 py-1.5 data-[multiline]:py-3 max-w-[var(--user-chat-width,70%)]\" data-multiline=\"\"><div class=\"whitespace-pre-wrap\"><h2 data-section-id=\"1iywdul\" data-start=\"4961\" data-end=\"4998\"><span role=\"text\"><strong data-start=\"4964\" data-end=\"4998\">1. Responsable del tratamiento<\/strong><\/span><\/h2><p data-start=\"5000\" data-end=\"5377\">En cumplimiento del <strong data-start=\"5020\" data-end=\"5136\">Reglamento (UE) 2016\/679 del Parlamento Europeo y del Consejo (Reglamento General de Protecci\u00f3n de Datos \u2013 RGPD)<\/strong> y de la <strong data-start=\"5145\" data-end=\"5269\">Ley Org\u00e1nica 3\/2018, de 5 de diciembre, de Protecci\u00f3n de Datos Personales y garant\u00eda de los derechos digitales (LOPDGDD)<\/strong>, se informa que los datos personales que el usuario facilite a trav\u00e9s de este sitio web ser\u00e1n tratados por:<\/p><p data-start=\"5379\" data-end=\"5607\"><strong data-start=\"5379\" data-end=\"5408\">V\u00edctor Manuel Reguera Cal<\/strong><br data-start=\"5408\" data-end=\"5411\" \/>Titular: <strong data-start=\"5420\" data-end=\"5449\">V\u00edctor Manuel Reguera Cal<\/strong><br data-start=\"5449\" data-end=\"5452\" \/>NIF: <strong data-start=\"5457\" data-end=\"5470\">35302779X<\/strong><br data-start=\"5470\" data-end=\"5473\" \/>Direcci\u00f3n: Paredes, 100, Vilaboa, 36141 Pontevedra \u2013 Espa\u00f1a<br data-start=\"5532\" data-end=\"5535\" \/>Tel\u00e9fono: <strong data-start=\"5545\" data-end=\"5558\">629420543<\/strong><br data-start=\"5558\" data-end=\"5561\" \/>Correo electr\u00f3nico: <strong data-start=\"5581\" data-end=\"5607\"><a class=\"decorated-link cursor-pointer\" rel=\"noopener\" data-start=\"5583\" data-end=\"5605\">vmregueracal@gmail.com<\/a><\/strong><\/p><hr data-start=\"5609\" data-end=\"5612\" \/><h2 data-section-id=\"1u1vb92\" data-start=\"5614\" data-end=\"5649\"><span role=\"text\"><strong data-start=\"5617\" data-end=\"5649\">2. Finalidad del tratamiento<\/strong><\/span><\/h2><p data-start=\"5651\" data-end=\"5745\">La navegaci\u00f3n por este sitio web no implica que el usuario deba proporcionar datos personales.<\/p><p data-start=\"5747\" data-end=\"6023\">No obstante, si el usuario decide facilitar datos personales a trav\u00e9s de formularios de contacto, solicitud de informaci\u00f3n, presupuestos o tr\u00e1mites relacionados con los servicios ofrecidos por <strong data-start=\"5940\" data-end=\"5969\">V\u00edctor Manuel Reguera Cal<\/strong>, estos ser\u00e1n tratados con las siguientes finalidades:<\/p><ul data-start=\"6025\" data-end=\"6394\"><li data-section-id=\"1l1xd0n\" data-start=\"6025\" data-end=\"6089\">Gestionar las solicitudes, consultas o reuniones realizadas.<\/li><li data-section-id=\"1a1bl8x\" data-start=\"6090\" data-end=\"6142\">Prestar los servicios contratados o solicitados.<\/li><li data-section-id=\"gy97jb\" data-start=\"6143\" data-end=\"6224\">Gestionar la relaci\u00f3n profesional, comercial o administrativa con el usuario.<\/li><li data-section-id=\"uqhnu1\" data-start=\"6225\" data-end=\"6394\">Enviar comunicaciones informativas o comerciales relacionadas con los servicios ofrecidos, siempre que se cuente con el consentimiento previo, expreso y verificable.<\/li><\/ul><p data-start=\"6396\" data-end=\"6633\">Los datos ser\u00e1n conservados durante el tiempo estrictamente necesario para cumplir las finalidades descritas y, posteriormente, durante los plazos legalmente establecidos para atender posibles responsabilidades derivadas del tratamiento.<\/p><hr data-start=\"6635\" data-end=\"6638\" \/><h2 data-section-id=\"1pc2t2q\" data-start=\"6640\" data-end=\"6678\"><span role=\"text\"><strong data-start=\"6643\" data-end=\"6678\">3. Legitimaci\u00f3n del tratamiento<\/strong><\/span><\/h2><p data-start=\"6680\" data-end=\"6730\">La base legal para el tratamiento de los datos es:<\/p><ul data-start=\"6732\" data-end=\"7164\"><li data-section-id=\"s3lefc\" data-start=\"6732\" data-end=\"6825\">El consentimiento expreso del usuario (al rellenar formularios o aceptar comunicaciones).<\/li><li data-section-id=\"7lbusu\" data-start=\"6826\" data-end=\"6902\">La ejecuci\u00f3n de un contrato o la aplicaci\u00f3n de medidas precontractuales.<\/li><li data-section-id=\"1hjqyix\" data-start=\"6903\" data-end=\"6986\">El cumplimiento de obligaciones legales aplicables a la actividad desarrollada.<\/li><li data-section-id=\"c73cuu\" data-start=\"6987\" data-end=\"7164\">El inter\u00e9s leg\u00edtimo de <strong data-start=\"7012\" data-end=\"7041\">V\u00edctor Manuel Reguera Cal<\/strong> en enviar comunicaciones informativas sobre servicios similares, siempre que no prevalezcan los derechos del interesado.<\/li><\/ul><hr data-start=\"7166\" data-end=\"7169\" \/><h2 data-section-id=\"1bvbzvd\" data-start=\"7171\" data-end=\"7215\"><span role=\"text\"><strong data-start=\"7174\" data-end=\"7215\">4. Cesiones y transferencias de datos<\/strong><\/span><\/h2><p data-start=\"7217\" data-end=\"7272\">Los datos personales no ser\u00e1n cedidos a terceros salvo:<\/p><ul data-start=\"7274\" data-end=\"7349\"><li data-section-id=\"1pn9kvw\" data-start=\"7274\" data-end=\"7295\">Obligaci\u00f3n legal.<\/li><li data-section-id=\"i7pgyb\" data-start=\"7296\" data-end=\"7349\">Consentimiento previo y expl\u00edcito del interesado.<\/li><\/ul><p data-start=\"7351\" data-end=\"7406\">No se realizan transferencias internacionales de datos.<\/p><hr data-start=\"7408\" data-end=\"7411\" \/><h2 data-section-id=\"qxk0d0\" data-start=\"7413\" data-end=\"7443\"><span role=\"text\"><strong data-start=\"7416\" data-end=\"7443\">5. Derechos del usuario<\/strong><\/span><\/h2><p data-start=\"7445\" data-end=\"7526\">El usuario puede ejercer los siguientes derechos respecto a sus datos personales:<\/p><ul data-start=\"7528\" data-end=\"8064\"><li data-section-id=\"1ue79jl\" data-start=\"7528\" data-end=\"7580\"><strong data-start=\"7530\" data-end=\"7541\">Acceso:<\/strong> conocer qu\u00e9 datos se est\u00e1n tratando.<\/li><li data-section-id=\"jwbxbz\" data-start=\"7581\" data-end=\"7643\"><strong data-start=\"7583\" data-end=\"7601\">Rectificaci\u00f3n:<\/strong> corregir datos inexactos o incompletos.<\/li><li data-section-id=\"1oivyn4\" data-start=\"7644\" data-end=\"7750\"><strong data-start=\"7646\" data-end=\"7680\">Supresi\u00f3n (derecho al olvido):<\/strong> solicitar la eliminaci\u00f3n de los datos cuando ya no sean necesarios.<\/li><li data-section-id=\"1wmavpu\" data-start=\"7751\" data-end=\"7820\"><strong data-start=\"7753\" data-end=\"7767\">Oposici\u00f3n:<\/strong> oponerse al tratamiento en determinados supuestos.<\/li><li data-section-id=\"118mq0i\" data-start=\"7821\" data-end=\"7882\"><strong data-start=\"7823\" data-end=\"7838\">Limitaci\u00f3n:<\/strong> solicitar la restricci\u00f3n del tratamiento.<\/li><li data-section-id=\"hz5aua\" data-start=\"7883\" data-end=\"7985\"><strong data-start=\"7885\" data-end=\"7902\">Portabilidad:<\/strong> recibir los datos en un formato estructurado y transmitirlos a otro responsable.<\/li><li data-section-id=\"wxv0uc\" data-start=\"7986\" data-end=\"8064\">Revocar el consentimiento en cualquier momento (sin efectos retroactivos).<\/li><\/ul><p data-start=\"8066\" data-end=\"8174\">Para ejercer estos derechos, el usuario deber\u00e1 enviar una solicitud escrita acompa\u00f1ada de copia de su DNI a:<\/p><p data-start=\"8176\" data-end=\"8260\"><strong data-start=\"8176\" data-end=\"8205\">V\u00edctor Manuel Reguera Cal<\/strong><br data-start=\"8205\" data-end=\"8208\" \/>Paredes, 100<br data-start=\"8220\" data-end=\"8223\" \/>Vilaboa<br data-start=\"8230\" data-end=\"8233\" \/>36141 Pontevedra<br data-start=\"8249\" data-end=\"8252\" \/>Espa\u00f1a<\/p><p data-start=\"8262\" data-end=\"8412\">O bien por correo electr\u00f3nico a:<br data-start=\"8294\" data-end=\"8297\" \/><strong data-start=\"8297\" data-end=\"8323\"><a class=\"decorated-link cursor-pointer\" rel=\"noopener\" data-start=\"8299\" data-end=\"8321\">vmregueracal@gmail.com<\/a><\/strong><br data-start=\"8323\" data-end=\"8326\" \/><em data-start=\"8326\" data-end=\"8412\">(La solicitud deber\u00e1 estar firmada digitalmente si se env\u00eda por correo electr\u00f3nico).<\/em><\/p><p data-start=\"8414\" data-end=\"8552\">Asimismo, el usuario tiene derecho a presentar una reclamaci\u00f3n ante la <strong data-start=\"8485\" data-end=\"8535\">Agencia Espa\u00f1ola de Protecci\u00f3n de Datos (AEPD)<\/strong>:<br data-start=\"8536\" data-end=\"8539\" \/><a class=\"decorated-link\" href=\"http:\/\/www.aepd.es\" target=\"_new\" rel=\"noopener\" data-start=\"8539\" data-end=\"8550\">www.aepd.es<\/a><\/p><hr data-start=\"8554\" data-end=\"8557\" \/><h2 data-section-id=\"1wruj45\" data-start=\"8559\" data-end=\"8631\"><span role=\"text\"><strong data-start=\"8562\" data-end=\"8631\">6. Car\u00e1cter obligatorio o voluntario de la informaci\u00f3n solicitada<\/strong><\/span><\/h2><p data-start=\"8633\" data-end=\"8703\">En los formularios se indicar\u00e1 claramente qu\u00e9 campos son obligatorios.<\/p><p data-start=\"8705\" data-end=\"8854\">La negativa a proporcionar los datos obligatorios puede impedir la correcta prestaci\u00f3n del servicio solicitado o la correcta atenci\u00f3n de la consulta.<\/p><p data-start=\"8856\" data-end=\"8959\">Los campos no obligatorios podr\u00e1n ser completados voluntariamente para mejorar la calidad del servicio.<\/p><hr data-start=\"8961\" data-end=\"8964\" \/><h2 data-section-id=\"jgabzr\" data-start=\"8966\" data-end=\"9002\"><span role=\"text\"><strong data-start=\"8969\" data-end=\"9002\">7. Comunicaciones comerciales<\/strong><\/span><\/h2><p data-start=\"9004\" data-end=\"9138\">Si el usuario facilita su correo electr\u00f3nico, podr\u00e1 manifestar en cualquier momento su deseo de no recibir comunicaciones comerciales.<\/p><p data-start=\"9140\" data-end=\"9227\">Todas las comunicaciones incluir\u00e1n un mecanismo sencillo y gratuito para darse de baja.<\/p><hr data-start=\"9229\" data-end=\"9232\" \/><h2 data-section-id=\"a5w73l\" data-start=\"9234\" data-end=\"9266\"><span role=\"text\"><strong data-start=\"9237\" data-end=\"9266\">8. Seguridad de los datos<\/strong><\/span><\/h2><p data-start=\"9268\" data-end=\"9526\"><strong data-start=\"9268\" data-end=\"9297\">V\u00edctor Manuel Reguera Cal<\/strong> ha adoptado las medidas t\u00e9cnicas y organizativas necesarias para garantizar la seguridad e integridad de los datos personales, evitando su alteraci\u00f3n, p\u00e9rdida, tratamiento o acceso no autorizado, conforme a la normativa vigente.<\/p><\/div><\/div><\/div><\/div><\/div><\/div><\/div><\/article><\/div><\/div>\t\t\t\t\t\t\t\t<\/div>\n\t\t\t\t<\/div>\n\t\t\t\t\t<\/div>\n\t\t\t\t<\/div>\n\t\t\t\t<\/div>\n\t\t","protected":false},"excerpt":{"rendered":"<p>Pol\u00edtica de privacidad 1. Responsable del tratamiento En cumplimiento del Reglamento (UE) 2016\/679 del Parlamento Europeo y del Consejo (Reglamento General de Protecci\u00f3n de Datos \u2013 RGPD) y de la Ley Org\u00e1nica 3\/2018, de 5 de diciembre, de Protecci\u00f3n de Datos Personales y garant\u00eda de los derechos digitales (LOPDGDD), se informa que los datos personales [&hellip;]<\/p>\n","protected":false},"author":1,"featured_media":0,"parent":0,"menu_order":0,"comment_status":"closed","ping_status":"open","template":"","meta":{"footnotes":""},"class_list":["post-3","page","type-page","status-publish","hentry"],"_links":{"self":[{"href":"https:\/\/gestiondeportivareguera.com\/index.php?rest_route=\/wp\/v2\/pages\/3","targetHints":{"allow":["GET"]}}],"collection":[{"href":"https:\/\/gestiondeportivareguera.com\/index.php?rest_route=\/wp\/v2\/pages"}],"about":[{"href":"https:\/\/gestiondeportivareguera.com\/index.php?rest_route=\/wp\/v2\/types\/page"}],"author":[{"embeddable":true,"href":"https:\/\/gestiondeportivareguera.com\/index.php?rest_route=\/wp\/v2\/users\/1"}],"replies":[{"embeddable":true,"href":"https:\/\/gestiondeportivareguera.com\/index.php?rest_route=%2Fwp%2Fv2%2Fcomments&post=3"}],"version-history":[{"count":10,"href":"https:\/\/gestiondeportivareguera.com\/index.php?rest_route=\/wp\/v2\/pages\/3\/revisions"}],"predecessor-version":[{"id":46,"href":"https:\/\/gestiondeportivareguera.com\/index.php?rest_route=\/wp\/v2\/pages\/3\/revisions\/46"}],"wp:attachment":[{"href":"https:\/\/gestiondeportivareguera.com\/index.php?rest_route=%2Fwp%2Fv2%2Fmedia&parent=3"}],"curies":[{"name":"wp","href":"https:\/\/api.w.org\/{rel}","templated":true}]}}